{"id":497,"date":"2026-02-19T05:26:22","date_gmt":"2026-02-19T05:26:22","guid":{"rendered":"https:\/\/quinro.com.mx\/wordpress\/services\/"},"modified":"2026-02-26T03:32:40","modified_gmt":"2026-02-26T03:32:40","slug":"services","status":"publish","type":"page","link":"https:\/\/quinro.com.mx\/wordpress\/services\/","title":{"rendered":"\u00c1REAS DE PRODUCCI\u00d3N"},"content":{"rendered":"<div data-spectra-id=\"37fe9e23\"\tstyle=\"overflow: visible; --spectra-background-color: #0b0b1c; --spectra-overlay-opacity: 0.81;\" class=\"spectra-is-root-container alignfull spectra-overlay-color spectra-overflow spectra-background-color spectra-dim-ratio wp-block-spectra-container\" data-orientation=\"vertical\"\t>\n\t\n\t<h1 data-spectra-id=\"spectra-bf7b5b87-heading\" style=\"color:#ffffff\" class=\"wp-block-spectra-content has-text-color\">\n\t\t\u00c1REAS DE PRODUCCI\u00d3N\t<\/h1>\n\n<\/div>\n\n\n<div data-spectra-id=\"ca134fa2\"\tstyle=\"overflow: visible; --spectra-background-color: var(--ast-global-color-5);\" class=\"spectra-is-root-container alignfull spectra-overlay-color spectra-overflow spectra-background-color wp-block-spectra-container\" data-orientation=\"vertical\"\t>\n\t\n\t<h3 data-spectra-id=\"spectra-fb923f24-prefix\" style=\"--spectra-text-color: var(--ast-global-color-0)\" class=\"has-text-color spectra-text-color wp-block-spectra-content has-text-color has-var-ast-global-color-0-color\">\n\t\tDiversificamos para innovar\t<\/h3>\n\n\n\t<h2 data-spectra-id=\"spectra-fb923f24-title\" class=\"wp-block-spectra-content\">\n\t\t\u00c1reas de Producci\u00f3n\t<\/h2>\n\n\n<div data-spectra-id=\"5031fb51\" style=\"overflow: visible\" class=\"spectra-overlay-color spectra-overflow wp-block-spectra-container\" data-orientation=\"vertical\">\n\t\n<div data-spectra-id=\"spectra-f051ebd8-root\" style=\"overflow: visible\" class=\"spectra-overlay-color spectra-overflow wp-block-spectra-container\" data-orientation=\"vertical\">\n\t\n<div data-spectra-id=\"spectra-mfzbn0nc-q9nyye\" style=\"overflow: visible\" class=\"spectra-overlay-color spectra-overflow wp-block-spectra-container\" data-orientation=\"vertical\">\n\t\n\n<figure data-spectra-id=\"spectra-f051ebd8-img\" class=\"wp-block-image size-full\" style=\"margin-top:0;margin-right:0;margin-bottom:0;margin-left:0\"><img loading=\"lazy\" decoding=\"async\" width=\"640\" height=\"480\" src=\"https:\/\/quinro.com.mx\/wordpress\/wp-content\/uploads\/2026\/02\/IMG_0360.jpeg\" alt=\"img 0360\" class=\"wp-image-2480\" title=\"service-1\" srcset=\"https:\/\/quinro.com.mx\/wordpress\/wp-content\/uploads\/2026\/02\/IMG_0360.jpeg 640w, https:\/\/quinro.com.mx\/wordpress\/wp-content\/uploads\/2026\/02\/IMG_0360-300x225.jpeg 300w\" sizes=\"auto, (max-width: 640px) 100vw, 640px\" \/><\/figure>\n\n<\/div>\n\n\n\t<h3 data-spectra-id=\"spectra-f051ebd8-title\" class=\"wp-block-spectra-content\">\n\t\tTrefilado\t<\/h3>\n\n\n\t<p data-spectra-id=\"spectra-f051ebd8-desc\" class=\"wp-block-spectra-content\">\n\t\tReducci\u00f3n y conformado de alambre de cobre en distintos calibres.\t<\/p>\n\n\n\n<h5 class=\"wp-block-heading\">Descripci\u00f3n:<\/h5>\n\n\n\t<p data-spectra-id=\"spectra-mlvq63sn-biw2wd\" class=\"wp-block-spectra-content\">\n\t\tProceso en el cual alambr\u00f3n de cobre se hace pasar por dados especiales que lo elongan y reducen su di\u00e1metro de 8 mm hasta obtener alambre fino de 0.160 mm de di\u00e1metro.\t<\/p>\n\n<\/div>\n\n\n<div data-spectra-id=\"spectra-91f6720b-83af-4580-9546-fa73a4872b39\" style=\"overflow: visible\" class=\"spectra-overlay-color spectra-overflow wp-block-spectra-container\" data-orientation=\"vertical\">\n\t\n<div data-spectra-id=\"spectra-047e862b-464d-4ec3-b4a8-e9062caaa952\" style=\"overflow: visible\" class=\"spectra-overlay-color spectra-overflow wp-block-spectra-container\" data-orientation=\"vertical\">\n\t\n\n<figure data-spectra-id=\"spectra-4aa52099-d1c3-428c-b5b1-a3f8c9086585\" class=\"wp-block-image size-full\" style=\"margin-top:0;margin-right:0;margin-bottom:0;margin-left:0\"><img loading=\"lazy\" decoding=\"async\" width=\"1200\" height=\"900\" src=\"https:\/\/quinro.com.mx\/wordpress\/wp-content\/uploads\/2026\/02\/WhatsApp-Image-2026-02-24-at-12.53.57-PM-1-edited.jpeg\" alt=\"whatsapp image 2026 02 24 at 12.53.57 pm (1)\" class=\"wp-image-2482\" title=\"service-1\" srcset=\"https:\/\/quinro.com.mx\/wordpress\/wp-content\/uploads\/2026\/02\/WhatsApp-Image-2026-02-24-at-12.53.57-PM-1-edited.jpeg 1200w, https:\/\/quinro.com.mx\/wordpress\/wp-content\/uploads\/2026\/02\/WhatsApp-Image-2026-02-24-at-12.53.57-PM-1-edited-300x225.jpeg 300w, https:\/\/quinro.com.mx\/wordpress\/wp-content\/uploads\/2026\/02\/WhatsApp-Image-2026-02-24-at-12.53.57-PM-1-edited-1024x768.jpeg 1024w, https:\/\/quinro.com.mx\/wordpress\/wp-content\/uploads\/2026\/02\/WhatsApp-Image-2026-02-24-at-12.53.57-PM-1-edited-768x576.jpeg 768w\" sizes=\"auto, (max-width: 1200px) 100vw, 1200px\" \/><\/figure>\n\n<\/div>\n\n\n\t<h3 data-spectra-id=\"spectra-c3da6f11-caca-46d2-bc43-cff51f9156cb\" class=\"wp-block-spectra-content\">\n\t\tEsta\u00f1ado\t<\/h3>\n\n\n\t<p data-spectra-id=\"spectra-2dd0c1ac-70f3-4e15-99cc-a14f67f79462\" class=\"wp-block-spectra-content\">\n\t\tAplicaci\u00f3n de recubrimiento de esta\u00f1o bajo normas t\u00e9cnicas.\t<\/p>\n\n\n\n<h5 class=\"wp-block-heading\">Descripci\u00f3n:<\/h5>\n\n\n\t<p data-spectra-id=\"spectra-mlvq6i92-7swui1\" class=\"wp-block-spectra-content\">\n\t\tProceso en el que se aplica una capa uniforme de esta\u00f1o sobre el conductor de cobre, mejorando su resistencia a la corrosi\u00f3n y optimizando su desempe\u00f1o en aplicaciones electr\u00f3nicas e industriales.\t<\/p>\n\n<\/div>\n\n\n<div data-spectra-id=\"spectra-8bb659ea-12dd-43af-881e-09930d9ad38c\" style=\"overflow: visible\" class=\"spectra-overlay-color spectra-overflow wp-block-spectra-container\" data-orientation=\"vertical\">\n\t\n<div data-spectra-id=\"spectra-4968ec7f-0a39-4945-851f-c8c08941f422\" style=\"overflow: visible\" class=\"spectra-overlay-color spectra-overflow wp-block-spectra-container\" data-orientation=\"vertical\">\n\t\n\n<figure data-spectra-id=\"spectra-c5893ff6-a693-413b-8a62-e225dff046d3\" class=\"wp-block-image size-full\" style=\"margin-top:0;margin-right:0;margin-bottom:0;margin-left:0\"><img loading=\"lazy\" decoding=\"async\" width=\"1200\" height=\"900\" src=\"https:\/\/quinro.com.mx\/wordpress\/wp-content\/uploads\/2026\/02\/WhatsApp-Image-2026-02-24-at-12.53.57-PM-edited-1.jpeg\" alt=\"whatsapp image 2026 02 24 at 12.53.57 pm\" class=\"wp-image-2505\" title=\"service-1\" srcset=\"https:\/\/quinro.com.mx\/wordpress\/wp-content\/uploads\/2026\/02\/WhatsApp-Image-2026-02-24-at-12.53.57-PM-edited-1.jpeg 1200w, https:\/\/quinro.com.mx\/wordpress\/wp-content\/uploads\/2026\/02\/WhatsApp-Image-2026-02-24-at-12.53.57-PM-edited-1-300x225.jpeg 300w, https:\/\/quinro.com.mx\/wordpress\/wp-content\/uploads\/2026\/02\/WhatsApp-Image-2026-02-24-at-12.53.57-PM-edited-1-1024x768.jpeg 1024w, https:\/\/quinro.com.mx\/wordpress\/wp-content\/uploads\/2026\/02\/WhatsApp-Image-2026-02-24-at-12.53.57-PM-edited-1-768x576.jpeg 768w\" sizes=\"auto, (max-width: 1200px) 100vw, 1200px\" \/><\/figure>\n\n<\/div>\n\n\n\t<h3 data-spectra-id=\"spectra-9be025eb-d511-4a56-a917-59fbdcfa165b\" class=\"wp-block-spectra-content\">\n\t\tBonchado\t<\/h3>\n\n\n\t<p data-spectra-id=\"spectra-299e3258-868c-4f43-a1bf-0a07100c2c07\" class=\"wp-block-spectra-content\">\n\t\tConformaci\u00f3n de conductores trenzados de diferentes calibres.\t<\/p>\n\n\n\n<h5 class=\"wp-block-heading\">Descripci\u00f3n:<\/h5>\n\n\n\t<p data-spectra-id=\"spectra-mlvq6r15-ekh2mt\" class=\"wp-block-spectra-content\">\n\t\tProceso en el cual varios alambres o conductores del<br>mismo di\u00e1metro son reunidos y torcidos con la finalidad de construir cables de diferentes calibres que van desde el 22, 18, 16,14 y hasta 4\/0 AWG.\t<\/p>\n\n<\/div>\n\n\n<div data-spectra-id=\"spectra-664e338a-44ae-4b41-a75f-04d22c392a6e\" style=\"overflow: visible\" class=\"spectra-overlay-color spectra-overflow wp-block-spectra-container\" data-orientation=\"vertical\">\n\t\n<div data-spectra-id=\"spectra-5cdbffd5-f2b7-45fc-a77d-b9698b22cf05\" style=\"overflow: visible\" class=\"spectra-overlay-color spectra-overflow wp-block-spectra-container\" data-orientation=\"vertical\">\n\t\n\n<figure data-spectra-id=\"spectra-efa596dd-4eca-4ab8-881d-56523435f6c3\" class=\"wp-block-image size-full\" style=\"margin-top:0;margin-right:0;margin-bottom:0;margin-left:0\"><img loading=\"lazy\" decoding=\"async\" width=\"640\" height=\"480\" src=\"https:\/\/quinro.com.mx\/wordpress\/wp-content\/uploads\/2026\/02\/IMG_0352.jpeg\" alt=\"img 0352\" class=\"wp-image-2464\" title=\"service-1\" srcset=\"https:\/\/quinro.com.mx\/wordpress\/wp-content\/uploads\/2026\/02\/IMG_0352.jpeg 640w, https:\/\/quinro.com.mx\/wordpress\/wp-content\/uploads\/2026\/02\/IMG_0352-300x225.jpeg 300w\" sizes=\"auto, (max-width: 640px) 100vw, 640px\" \/><\/figure>\n\n<\/div>\n\n\n\t<h3 data-spectra-id=\"spectra-91751cff-b289-4e48-b5f5-fdddb2cf36b1\" class=\"wp-block-spectra-content\">\n\t\tExtrusi\u00f3n (Forrado)\t<\/h3>\n\n\n\t<p data-spectra-id=\"spectra-060b16f1-2750-43b8-b47a-82030bfd4fbc\" class=\"wp-block-spectra-content\">\n\t\tAplicaci\u00f3n de aislamientos termopl\u00e1sticos y termofijos.\t<\/p>\n\n\n\n<h5 class=\"wp-block-heading\">Descripci\u00f3n:<\/h5>\n\n\n\t<p data-spectra-id=\"spectra-mlvq72ja-bu20xz\" class=\"wp-block-spectra-content\">\n\t\tEn esta \u00e1rea se utiliza el proceso de extrusi\u00f3n para cubrir con pl\u00e1stico los alambres de cobre producidos en el \u00e1rea de bonchado.\t<\/p>\n\n<\/div>\n\n\n<div data-spectra-id=\"spectra-6e050bf4-3879-4fd2-afe6-758e9d66dc20\" style=\"overflow: visible\" class=\"spectra-overlay-color spectra-overflow wp-block-spectra-container\" data-orientation=\"vertical\">\n\t\n<div data-spectra-id=\"spectra-30e776f5-f776-4f7b-8da0-b29f23db09cc\" style=\"overflow: visible\" class=\"spectra-overlay-color spectra-overflow wp-block-spectra-container\" data-orientation=\"vertical\">\n\t\n\n<figure data-spectra-id=\"spectra-9a31b35d-b8ed-436f-88a3-d4da4e7ce7f2\" class=\"wp-block-image size-full\" style=\"margin-top:0;margin-right:0;margin-bottom:0;margin-left:0\"><img loading=\"lazy\" decoding=\"async\" width=\"1200\" height=\"900\" src=\"https:\/\/quinro.com.mx\/wordpress\/wp-content\/uploads\/2026\/02\/WhatsApp-Image-2026-02-24-at-12.53.56-PM-edited.jpeg\" alt=\"whatsapp image 2026 02 24 at 12.53.56 pm\" class=\"wp-image-2476\" title=\"service-1\" srcset=\"https:\/\/quinro.com.mx\/wordpress\/wp-content\/uploads\/2026\/02\/WhatsApp-Image-2026-02-24-at-12.53.56-PM-edited.jpeg 1200w, https:\/\/quinro.com.mx\/wordpress\/wp-content\/uploads\/2026\/02\/WhatsApp-Image-2026-02-24-at-12.53.56-PM-edited-300x225.jpeg 300w, https:\/\/quinro.com.mx\/wordpress\/wp-content\/uploads\/2026\/02\/WhatsApp-Image-2026-02-24-at-12.53.56-PM-edited-1024x768.jpeg 1024w, https:\/\/quinro.com.mx\/wordpress\/wp-content\/uploads\/2026\/02\/WhatsApp-Image-2026-02-24-at-12.53.56-PM-edited-768x576.jpeg 768w\" sizes=\"auto, (max-width: 1200px) 100vw, 1200px\" \/><\/figure>\n\n<\/div>\n\n\n\t<h3 data-spectra-id=\"spectra-485aa308-8968-414f-a23b-c0b340bd368f\" class=\"wp-block-spectra-content\">\n\t\tInyecci\u00f3n\t<\/h3>\n\n\n\t<p data-spectra-id=\"spectra-558fd4a6-2f3f-4c3f-b591-f326664bdd37\" class=\"wp-block-spectra-content\">\n\t\tFabricaci\u00f3n de clavijas, tomacorrientes y componentes pl\u00e1sticos.\t<\/p>\n\n\n\n<h5 class=\"wp-block-heading\">Descripci\u00f3n:<\/h5>\n\n\n\t<p data-spectra-id=\"spectra-mlvq77dv-xeh7x6\" class=\"wp-block-spectra-content\">\n\t\tEste departamento produce cables tomacorrientes de acuerdo a especificaciones de los clientes, en este existen una gran cantidad de proceso que van desde el corte del cable, la aplicaci\u00f3n de terminales, y la inyecci\u00f3n de pl\u00e1sticos para la formaci\u00f3n de gromett y clavijas.\t<\/p>\n\n<\/div>\n\n\n<div data-spectra-id=\"spectra-9ce7c757-a5ba-4221-8908-0aa74efd4078\" style=\"overflow: visible\" class=\"spectra-overlay-color spectra-overflow wp-block-spectra-container\" data-orientation=\"vertical\">\n\t\n<div data-spectra-id=\"spectra-044105b7-0dab-41d3-9cbd-7f07a27bfc6a\" style=\"overflow: visible\" class=\"spectra-overlay-color spectra-overflow wp-block-spectra-container\" data-orientation=\"vertical\">\n\t\n\n<figure data-spectra-id=\"spectra-b0dc4f8b-2b40-4747-bb32-95a038a7a9fb\" class=\"wp-block-image size-full\" style=\"margin-top:0;margin-right:0;margin-bottom:0;margin-left:0\"><img loading=\"lazy\" decoding=\"async\" width=\"1600\" height=\"1200\" src=\"https:\/\/quinro.com.mx\/wordpress\/wp-content\/uploads\/2026\/02\/WhatsApp-Image-2026-02-24-at-12.52.33-PM.jpeg\" alt=\"whatsapp image 2026 02 24 at 12.52.33 pm\" class=\"wp-image-2473\" title=\"service-1\" srcset=\"https:\/\/quinro.com.mx\/wordpress\/wp-content\/uploads\/2026\/02\/WhatsApp-Image-2026-02-24-at-12.52.33-PM.jpeg 1600w, https:\/\/quinro.com.mx\/wordpress\/wp-content\/uploads\/2026\/02\/WhatsApp-Image-2026-02-24-at-12.52.33-PM-300x225.jpeg 300w, https:\/\/quinro.com.mx\/wordpress\/wp-content\/uploads\/2026\/02\/WhatsApp-Image-2026-02-24-at-12.52.33-PM-1024x768.jpeg 1024w, https:\/\/quinro.com.mx\/wordpress\/wp-content\/uploads\/2026\/02\/WhatsApp-Image-2026-02-24-at-12.52.33-PM-768x576.jpeg 768w, https:\/\/quinro.com.mx\/wordpress\/wp-content\/uploads\/2026\/02\/WhatsApp-Image-2026-02-24-at-12.52.33-PM-1536x1152.jpeg 1536w\" sizes=\"auto, (max-width: 1600px) 100vw, 1600px\" \/><\/figure>\n\n<\/div>\n\n\n\t<h3 data-spectra-id=\"spectra-4ab4b271-66de-4ee9-9018-1989f3fd76e5\" class=\"wp-block-spectra-content\">\n\t\tArn\u00e9ses\t<\/h3>\n\n\n\t<p data-spectra-id=\"spectra-3e3d8d5f-46b4-4462-8d4a-20cc0101014d\" class=\"wp-block-spectra-content\">\n\t\tFabricaci\u00f3n de arneses el\u00e9ctricos para aplicaciones espec\u00edficas.\t<\/p>\n\n\n\n<h5 class=\"wp-block-heading\">Descripci\u00f3n:<\/h5>\n\n\n\t<p data-spectra-id=\"spectra-mlvq7bew-fssevg\" class=\"wp-block-spectra-content\">\n\t\tEn este departamento se manejan cables que son procesados para fabricar arreglos de cables especiales para diferentes productos, como por ejemplo refrigeradores, hornos, planchas, licuadoras, etc.\t<\/p>\n\n<\/div>\n\n<\/div>\n\n<\/div>\n","protected":false},"excerpt":{"rendered":"","protected":false},"author":2,"featured_media":0,"parent":0,"menu_order":0,"comment_status":"closed","ping_status":"closed","template":"","meta":{"_uag_custom_page_level_css":"","site-sidebar-layout":"no-sidebar","site-content-layout":"plain-container","ast-site-content-layout":"normal-width-container","site-content-style":"unboxed","site-sidebar-style":"unboxed","ast-global-header-display":"","ast-banner-title-visibility":"","ast-main-header-display":"","ast-hfb-above-header-display":"","ast-hfb-below-header-display":"","ast-hfb-mobile-header-display":"","site-post-title":"disabled","ast-breadcrumbs-content":"","ast-featured-img":"disabled","footer-sml-layout":"","ast-disable-related-posts":"","theme-transparent-header-meta":"enabled","adv-header-id-meta":"","stick-header-meta":"","header-above-stick-meta":"","header-main-stick-meta":"","header-below-stick-meta":"","astra-migrate-meta-layouts":"set","ast-page-background-enabled":"default","ast-page-background-meta":{"desktop":{"background-color":"var(--ast-global-color-4)","background-image":"","background-repeat":"repeat","background-position":"center center","background-size":"auto","background-attachment":"scroll","background-type":"","background-media":"","overlay-type":"","overlay-color":"","overlay-opacity":"","overlay-gradient":""},"tablet":{"background-color":"","background-image":"","background-repeat":"repeat","background-position":"center center","background-size":"auto","background-attachment":"scroll","background-type":"","background-media":"","overlay-type":"","overlay-color":"","overlay-opacity":"","overlay-gradient":""},"mobile":{"background-color":"","background-image":"","background-repeat":"repeat","background-position":"center center","background-size":"auto","background-attachment":"scroll","background-type":"","background-media":"","overlay-type":"","overlay-color":"","overlay-opacity":"","overlay-gradient":""}},"ast-content-background-meta":{"desktop":{"background-color":"var(--ast-global-color-5)","background-image":"","background-repeat":"repeat","background-position":"center center","background-size":"auto","background-attachment":"scroll","background-type":"","background-media":"","overlay-type":"","overlay-color":"","overlay-opacity":"","overlay-gradient":""},"tablet":{"background-color":"var(--ast-global-color-5)","background-image":"","background-repeat":"repeat","background-position":"center center","background-size":"auto","background-attachment":"scroll","background-type":"","background-media":"","overlay-type":"","overlay-color":"","overlay-opacity":"","overlay-gradient":""},"mobile":{"background-color":"var(--ast-global-color-5)","background-image":"","background-repeat":"repeat","background-position":"center center","background-size":"auto","background-attachment":"scroll","background-type":"","background-media":"","overlay-type":"","overlay-color":"","overlay-opacity":"","overlay-gradient":""}},"footnotes":""},"class_list":["post-497","page","type-page","status-publish","hentry"],"uagb_featured_image_src":{"full":false,"thumbnail":false,"medium":false,"medium_large":false,"large":false,"1536x1536":false,"2048x2048":false},"uagb_author_info":{"display_name":"Regina Monroy","author_link":"https:\/\/quinro.com.mx\/wordpress\/author\/regina_admin\/"},"uagb_comment_info":0,"uagb_excerpt":null,"_links":{"self":[{"href":"https:\/\/quinro.com.mx\/wordpress\/wp-json\/wp\/v2\/pages\/497","targetHints":{"allow":["GET"]}}],"collection":[{"href":"https:\/\/quinro.com.mx\/wordpress\/wp-json\/wp\/v2\/pages"}],"about":[{"href":"https:\/\/quinro.com.mx\/wordpress\/wp-json\/wp\/v2\/types\/page"}],"author":[{"embeddable":true,"href":"https:\/\/quinro.com.mx\/wordpress\/wp-json\/wp\/v2\/users\/2"}],"replies":[{"embeddable":true,"href":"https:\/\/quinro.com.mx\/wordpress\/wp-json\/wp\/v2\/comments?post=497"}],"version-history":[{"count":11,"href":"https:\/\/quinro.com.mx\/wordpress\/wp-json\/wp\/v2\/pages\/497\/revisions"}],"predecessor-version":[{"id":2553,"href":"https:\/\/quinro.com.mx\/wordpress\/wp-json\/wp\/v2\/pages\/497\/revisions\/2553"}],"wp:attachment":[{"href":"https:\/\/quinro.com.mx\/wordpress\/wp-json\/wp\/v2\/media?parent=497"}],"curies":[{"name":"wp","href":"https:\/\/api.w.org\/{rel}","templated":true}]}}