{"id":495,"date":"2026-02-19T05:26:22","date_gmt":"2026-02-19T05:26:22","guid":{"rendered":"https:\/\/quinro.com.mx\/wordpress\/projects\/"},"modified":"2026-02-26T03:36:13","modified_gmt":"2026-02-26T03:36:13","slug":"projects","status":"publish","type":"page","link":"https:\/\/quinro.com.mx\/wordpress\/projects\/","title":{"rendered":"SERVICIOS ESPECIALIZADOS"},"content":{"rendered":"<div data-spectra-id=\"37fe9e23\"\tstyle=\"overflow: visible; --spectra-background-color: #0b0b1c; --spectra-overlay-opacity: 0.81;\" class=\"spectra-is-root-container alignfull spectra-overlay-color spectra-overflow spectra-background-color spectra-dim-ratio wp-block-spectra-container\" data-orientation=\"vertical\"\t>\n\t\n\t<h1 data-spectra-id=\"spectra-bf7b5b87-heading\" style=\"color:#ffffff\" class=\"wp-block-spectra-content has-text-color\">\n\t\tServicios Especializados\t<\/h1>\n\n<\/div>\n\n\n<div data-spectra-id=\"52be6acf\"\tstyle=\"overflow: visible; --spectra-background-color: var(--ast-global-color-5);\" class=\"spectra-is-root-container alignfull spectra-overlay-color spectra-overflow spectra-background-color wp-block-spectra-container\" data-orientation=\"vertical\"\t>\n\t\n\t<h3 data-spectra-id=\"spectra-86a9b711-prefix\" style=\"--spectra-text-color: var(--ast-global-color-0)\" class=\"has-text-color spectra-text-color wp-block-spectra-content has-text-color has-var-ast-global-color-0-color\">\n\t\tDesarrollo y Fabricaci\u00f3n\t<\/h3>\n\n\n\t<h2 data-spectra-id=\"spectra-86a9b711-title\" class=\"wp-block-spectra-content\">\n\t\tServicios Especializados\t<\/h2>\n\n<\/div>\n\n\n<div data-spectra-id=\"spectra-mfyy3cge-c9k86b\"\tstyle=\"overflow: visible;\" class=\"spectra-is-root-container alignfull spectra-overlay-color spectra-overflow wp-block-spectra-container\" data-orientation=\"vertical\"\t>\n\t\n<div data-spectra-id=\"spectra-a0acdf8c\" style=\"overflow: visible;--spectra-background-gradient: linear-gradient(0deg, var(--ast-global-color-7) 29%, #ffffff00 49%);--spectra-overlay-opacity: 0.65\" class=\"spectra-overlay-color spectra-overflow spectra-background-gradient spectra-dim-ratio wp-block-spectra-container\" data-orientation=\"vertical\">\n\t\n\t<h3 data-spectra-id=\"spectra-9beb69d3-heading\" style=\"--spectra-text-color: #ffffff\" class=\"has-text-color spectra-text-color wp-block-spectra-content has-text-color has-ffffff-color\">\n\t\tFabricaci\u00f3n de Conductores El\u00e9ctricos\t<\/h3>\n\n\n\t<h6 data-spectra-id=\"spectra-9beb69d3-desc\" style=\"--spectra-text-color: #ffffff;background-color:#0b0b1c\" class=\"has-text-color spectra-text-color wp-block-spectra-content has-text-color has-ffffff-color has-background\">\n\t\tProducci\u00f3n en distintos calibres para aplicaciones industriales.\t<\/h6>\n\n\n\n<p><\/p>\n\n\n\t<p data-spectra-id=\"spectra-mlvxg022-8xb2pi\" style=\"--spectra-text-color: ast-global-color-7;--spectra-background-color: ast-global-color-5\" class=\"has-background has-text-color has-link-color spectra-text-color spectra-background-color wp-elements-6cc584634229f671ac51f8bd52f5d3ea wp-block-spectra-content has-text-color has-ast-global-color-7-color has-background has-ast-global-color-5-background-color\">\n\t\tEn el departamento de producci\u00f3n de cables se producen cables y alambres de diferentes tipos, este se divide en cinco diferentes procesos:<br>1. Trefilado<br>2. Bonchado<br>3. Extrusi\u00f3n<br>4. Cableado<br>5. Medici\u00f3n\t<\/p>\n\n<\/div>\n\n\n<div data-spectra-id=\"spectra-6a598b37-54bd-4f50-9412-1ce7642ad315\" style=\"overflow: visible;--spectra-background-gradient: linear-gradient(0deg, var(--ast-global-color-7) 29%, #ffffff00 49%);--spectra-overlay-opacity: 0.65\" class=\"spectra-overlay-color spectra-overflow spectra-background-gradient spectra-dim-ratio wp-block-spectra-container\" data-orientation=\"vertical\">\n\t\n\t<h3 data-spectra-id=\"spectra-7f8eecb7-66f3-44fb-91aa-25406f9c0940\" style=\"--spectra-text-color: #ffffff\" class=\"has-text-color spectra-text-color wp-block-spectra-content has-text-color has-ffffff-color\">\n\t\tDesarrollo de Arn\u00e9ses El\u00e9ctricos\t<\/h3>\n\n\n\t<h6 data-spectra-id=\"spectra-40ec5cb2-4547-4b25-be8a-f28cb216f0c9\" style=\"--spectra-text-color: #ffffff;background-color:#0b0b1c\" class=\"has-text-color spectra-text-color wp-block-spectra-content has-text-color has-ffffff-color has-background\">\n\t\tSoluciones de conexi\u00f3n dise\u00f1adas bajo especificaciones del cliente.\t<\/h6>\n\n\n\n<p><\/p>\n\n\n\t<p data-spectra-id=\"spectra-mlvxhm01-k1sdbw\" style=\"--spectra-text-color: ast-global-color-7;--spectra-background-color: ast-global-color-8\" class=\"has-background has-text-color has-link-color spectra-text-color spectra-background-color wp-elements-be040e11800b34ef5a4bb6aeb7600377 wp-block-spectra-content has-text-color has-ast-global-color-7-color has-background has-ast-global-color-8-background-color\">\n\t\tDise\u00f1amos y fabricamos arneses el\u00e9ctricos personalizados para electrodom\u00e9sticos y equipos industriales, adapt\u00e1ndonos a requerimientos espec\u00edficos de conexi\u00f3n, ensamblado y desempe\u00f1o el\u00e9ctrico, asegurando confiabilidad y seguridad en cada aplicaci\u00f3n.\t<\/p>\n\n<\/div>\n\n\n<div data-spectra-id=\"spectra-6d1ea9ed-75d7-4c05-a685-7604e296193c\" style=\"overflow: visible;--spectra-background-gradient: linear-gradient(0deg, var(--ast-global-color-7) 29%, #ffffff00 49%);--spectra-overlay-opacity: 0.65;--spectra-box-shadow: 0px 0px 0px 0px #0b0b1c\" class=\"spectra-overlay-color spectra-overflow spectra-background-gradient spectra-dim-ratio spectra-box-shadow wp-block-spectra-container\" data-orientation=\"vertical\">\n\t\n\t<h3 data-spectra-id=\"spectra-c3395118-0260-4aa6-a8d6-a02bcc73a652\" style=\"--spectra-text-color: #ffffff\" class=\"has-text-color spectra-text-color wp-block-spectra-content has-text-color has-ffffff-color\">\n\t\tProducci\u00f3n Sobre Dise\u00f1o\t<\/h3>\n\n\n\t<h6 data-spectra-id=\"spectra-f921c1a7-83b7-4905-9517-df04b620bb3b\" style=\"--spectra-text-color: #ffffff;background-color:#0b0b1c\" class=\"has-text-color spectra-text-color wp-block-spectra-content has-text-color has-ffffff-color has-background\">\n\t\tFabricaci\u00f3n personalizada de componentes el\u00e9ctricos industriales.\t<\/h6>\n\n\n\n<p><\/p>\n\n\n\t<p data-spectra-id=\"spectra-mlvxiikf-6lzikz\" style=\"--spectra-text-color: ast-global-color-7;--spectra-background-color: ast-global-color-8\" class=\"has-background has-text-color has-link-color spectra-text-color spectra-background-color wp-elements-75a3ff98a13e34a87486cb258af9554d wp-block-spectra-content has-text-color has-ast-global-color-7-color has-background has-ast-global-color-8-background-color\">\n\t\tDesarrollamos soluciones el\u00e9ctricas sobre dise\u00f1o, trabajando bajo especificaciones t\u00e9cnicas particulares para satisfacer necesidades espec\u00edficas de cada proyecto. Nuestra flexibilidad productiva nos permite adaptar procesos y materiales seg\u00fan los requerimientos del cliente.\t<\/p>\n\n<\/div>\n\n\n<div data-spectra-id=\"spectra-de12c797-b09d-4dfe-88ea-8db17b290b80\" style=\"overflow: visible;--spectra-background-gradient: linear-gradient(0deg, var(--ast-global-color-7) 29%, #ffffff00 49%);--spectra-overlay-opacity: 0.65\" class=\"spectra-overlay-color spectra-overflow spectra-background-gradient spectra-dim-ratio wp-block-spectra-container\" data-orientation=\"vertical\">\n\t\n\t<h3 data-spectra-id=\"spectra-d30da22b-8131-4be9-8fda-c09c4b45c92e\" style=\"--spectra-text-color: #ffffff\" class=\"has-text-color spectra-text-color wp-block-spectra-content has-text-color has-ffffff-color\">\n\t\tLaboratorio y Validaci\u00f3n\t<\/h3>\n\n\n\t<h6 data-spectra-id=\"spectra-a4ec022d-ca3f-4ea1-bad1-7d94074def73\" style=\"--spectra-text-color: #ffffff;background-color:#0b0b1c\" class=\"has-text-color spectra-text-color wp-block-spectra-content has-text-color has-ffffff-color has-background\">\n\t\tPruebas certificadas bajo est\u00e1ndares nacionales e internacionales.\t<\/h6>\n\n\n\n\n\t<p data-spectra-id=\"spectra-mlvxjee1-rotl01\" style=\"--spectra-text-color: ast-global-color-7;--spectra-background-color: ast-global-color-8\" class=\"has-background has-text-color has-link-color spectra-text-color spectra-background-color wp-elements-6b4e5d9b2477fc722592cc7dc36c5fcf wp-block-spectra-content has-text-color has-ast-global-color-7-color has-background has-ast-global-color-8-background-color\">\n\t\tContamos con laboratorio de pruebas certificado ante la EMA, donde verificamos y analizamos nuestros productos para garantizar cumplimiento con normas como UL, CSA, NOM y ANCE, asegurando calidad, seguridad y desempe\u00f1o el\u00e9ctrico en cada lote de producci\u00f3n.\t<\/p>\n\n<\/div>\n\n<\/div>\n\n\n\n<p><\/p>\n","protected":false},"excerpt":{"rendered":"","protected":false},"author":2,"featured_media":0,"parent":0,"menu_order":0,"comment_status":"closed","ping_status":"closed","template":"","meta":{"_uag_custom_page_level_css":"","site-sidebar-layout":"no-sidebar","site-content-layout":"plain-container","ast-site-content-layout":"normal-width-container","site-content-style":"unboxed","site-sidebar-style":"unboxed","ast-global-header-display":"","ast-banner-title-visibility":"","ast-main-header-display":"","ast-hfb-above-header-display":"","ast-hfb-below-header-display":"","ast-hfb-mobile-header-display":"","site-post-title":"disabled","ast-breadcrumbs-content":"","ast-featured-img":"disabled","footer-sml-layout":"","ast-disable-related-posts":"","theme-transparent-header-meta":"enabled","adv-header-id-meta":"","stick-header-meta":"","header-above-stick-meta":"","header-main-stick-meta":"","header-below-stick-meta":"","astra-migrate-meta-layouts":"set","ast-page-background-enabled":"default","ast-page-background-meta":{"desktop":{"background-color":"var(--ast-global-color-4)","background-image":"","background-repeat":"repeat","background-position":"center center","background-size":"auto","background-attachment":"scroll","background-type":"","background-media":"","overlay-type":"","overlay-color":"","overlay-opacity":"","overlay-gradient":""},"tablet":{"background-color":"","background-image":"","background-repeat":"repeat","background-position":"center center","background-size":"auto","background-attachment":"scroll","background-type":"","background-media":"","overlay-type":"","overlay-color":"","overlay-opacity":"","overlay-gradient":""},"mobile":{"background-color":"","background-image":"","background-repeat":"repeat","background-position":"center center","background-size":"auto","background-attachment":"scroll","background-type":"","background-media":"","overlay-type":"","overlay-color":"","overlay-opacity":"","overlay-gradient":""}},"ast-content-background-meta":{"desktop":{"background-color":"var(--ast-global-color-5)","background-image":"","background-repeat":"repeat","background-position":"center center","background-size":"auto","background-attachment":"scroll","background-type":"","background-media":"","overlay-type":"","overlay-color":"","overlay-opacity":"","overlay-gradient":""},"tablet":{"background-color":"var(--ast-global-color-5)","background-image":"","background-repeat":"repeat","background-position":"center center","background-size":"auto","background-attachment":"scroll","background-type":"","background-media":"","overlay-type":"","overlay-color":"","overlay-opacity":"","overlay-gradient":""},"mobile":{"background-color":"var(--ast-global-color-5)","background-image":"","background-repeat":"repeat","background-position":"center center","background-size":"auto","background-attachment":"scroll","background-type":"","background-media":"","overlay-type":"","overlay-color":"","overlay-opacity":"","overlay-gradient":""}},"footnotes":""},"class_list":["post-495","page","type-page","status-publish","hentry"],"uagb_featured_image_src":{"full":false,"thumbnail":false,"medium":false,"medium_large":false,"large":false,"1536x1536":false,"2048x2048":false},"uagb_author_info":{"display_name":"Regina Monroy","author_link":"https:\/\/quinro.com.mx\/wordpress\/author\/regina_admin\/"},"uagb_comment_info":0,"uagb_excerpt":null,"_links":{"self":[{"href":"https:\/\/quinro.com.mx\/wordpress\/wp-json\/wp\/v2\/pages\/495","targetHints":{"allow":["GET"]}}],"collection":[{"href":"https:\/\/quinro.com.mx\/wordpress\/wp-json\/wp\/v2\/pages"}],"about":[{"href":"https:\/\/quinro.com.mx\/wordpress\/wp-json\/wp\/v2\/types\/page"}],"author":[{"embeddable":true,"href":"https:\/\/quinro.com.mx\/wordpress\/wp-json\/wp\/v2\/users\/2"}],"replies":[{"embeddable":true,"href":"https:\/\/quinro.com.mx\/wordpress\/wp-json\/wp\/v2\/comments?post=495"}],"version-history":[{"count":13,"href":"https:\/\/quinro.com.mx\/wordpress\/wp-json\/wp\/v2\/pages\/495\/revisions"}],"predecessor-version":[{"id":2555,"href":"https:\/\/quinro.com.mx\/wordpress\/wp-json\/wp\/v2\/pages\/495\/revisions\/2555"}],"wp:attachment":[{"href":"https:\/\/quinro.com.mx\/wordpress\/wp-json\/wp\/v2\/media?parent=495"}],"curies":[{"name":"wp","href":"https:\/\/api.w.org\/{rel}","templated":true}]}}